{"id":932,"date":"2022-06-29T08:39:38","date_gmt":"2022-06-29T08:39:38","guid":{"rendered":"https:\/\/shtheme.com\/demosd\/thecappa\/?page_id=932"},"modified":"2025-02-01T06:00:16","modified_gmt":"2025-02-01T06:00:16","slug":"dark-sidebar-about","status":"publish","type":"page","link":"https:\/\/hypnosse.ro\/studio\/dark-sidebar-about\/","title":{"rendered":"Dark Sidebar About"},"content":{"rendered":"\t\t<div data-elementor-type=\"wp-page\" data-elementor-id=\"932\" class=\"elementor elementor-932\">\n\t\t\t\t\t\t\t\t\t<section class=\"elementor-section elementor-top-section elementor-element elementor-element-f3b5b07 elementor-section-full_width elementor-section-height-default elementor-section-height-default\" data-id=\"f3b5b07\" data-element_type=\"section\">\n\t\t\t\t\t\t<div class=\"elementor-container elementor-column-gap-no\">\n\t\t\t\t\t<div class=\"elementor-column elementor-col-100 elementor-top-column elementor-element elementor-element-cf57940\" data-id=\"cf57940\" data-element_type=\"column\">\n\t\t\t<div class=\"elementor-widget-wrap elementor-element-populated\">\n\t\t\t\t\t\t\t\t<div class=\"elementor-element elementor-element-097d2ae elementor-align-left elementor-widget elementor-widget-pages-banner\" data-id=\"097d2ae\" data-element_type=\"widget\" data-widget_type=\"pages-banner.default\">\n\t\t\t\t<div class=\"elementor-widget-container\">\n\t\t\t\r\n\t\t\t\t<div class=\"banner-header section-padding valign bg-img bg-fixed\" data-overlay-dark=\"4\" data-background=\"https:\/\/hypnosse.ro\/studio\/wp-content\/uploads\/2025\/01\/background.jpg\">\r\n\t\t\t\t\t<div class=\"container\">\r\n\t\t\t\t<div class=\"row\">\r\n\t\t\t\t\t<div class=\"col-md-12 caption mt-90\">\r\n\t\t\t\t\t\t\t\t\t\t\t\t<h5>Hypnosse Tattoo Studio<\/h5>\r\n\t\t\t\t\t\t\t\t\t\t\t\t\t\t\t\t\t\t<h1>Despre noi<\/h1>\r\n\t\t\t\t\t\t\t\t\t\t\t<\/div>\r\n\t\t\t\t<\/div>\r\n\t\t\t<\/div>\r\n\t\t<\/div>\r\n\r\n\t\t\t<\/div>\n\t\t\t\t<\/div>\n\t\t\t\t\t<\/div>\n\t\t<\/div>\n\t\t\t\t\t\t\t<\/div>\n\t\t<\/section>\n\t\t\t\t<section class=\"elementor-section elementor-top-section elementor-element elementor-element-2362498 elementor-section-full_width elementor-section-height-default elementor-section-height-default\" data-id=\"2362498\" data-element_type=\"section\" data-settings=\"{&quot;background_background&quot;:&quot;classic&quot;}\">\n\t\t\t\t\t\t<div class=\"elementor-container elementor-column-gap-no\">\n\t\t\t\t\t<div class=\"elementor-column elementor-col-100 elementor-top-column elementor-element elementor-element-c272fd0\" data-id=\"c272fd0\" data-element_type=\"column\">\n\t\t\t<div class=\"elementor-widget-wrap elementor-element-populated\">\n\t\t\t\t\t\t\t\t<div class=\"elementor-element elementor-element-bfe579d elementor-align-left elementor-widget elementor-widget-home-about\" data-id=\"bfe579d\" data-element_type=\"widget\" data-widget_type=\"home-about.default\">\n\t\t\t\t<div class=\"elementor-widget-container\">\n\t\t\t\r\n\t\t<section class=\"about section-padding\">\r\n\t\t\t<h2 style=\"display: none!important;\">The Cappa<\/h2>\r\n\t\t\t<div class=\"container\">\r\n\t\t\t\t<div class=\"row\">\r\n\t\t\t\t\t<div class=\"col-md-6 mb-30 animate-box\" data-animate-effect=\"fadeInUp\">\r\n\t\t\t\t\t\t<span>\r\n\t\t\t\t\t\t\t\t\t\t\t\t\t\t\t<i class=\"star-rating\"><\/i>\r\n\t\t\t\t\t\t\t\t<i class=\"star-rating\"><\/i>\r\n\t\t\t\t\t\t\t\t<i class=\"star-rating\"><\/i>\r\n\t\t\t\t\t\t\t\t<i class=\"star-rating\"><\/i>\r\n\t\t\t\t\t\t\t\t<i class=\"star-rating\"><\/i>\r\n\t\t\t\t\t\t\t\t\t\t\t\t\t<\/span>\r\n\t\t\t\t\t\t\t\t\t\t\t\t<div class=\"section-subtitle\">Locul Unde Arta Prinde Via\u021b\u0103 pe Pielea Ta<\/div>\r\n\t\t\t\t\t\t\t\t\t\t\t\t\t\t\t\t\t\t<div class=\"section-title\">Hypnosse Tattoo Studio<\/div>\r\n\t\t\t\t\t\t\t\t\t\t\t\t\t\t\t\t\t\t<p>Bun venit la studioul nostru, unde pasiunea pentru art\u0103 \u00eent\u00e2lne\u0219te profesionalismul!\n\nDin 2011, transform\u0103m ideile \u0219i pove\u0219tile clien\u021bilor no\u0219tri \u00een opere de art\u0103 personalizate. Oferim servicii premium de tatuaj, piercing \u0219i micropigmentare, realizate la cele mai \u00eenalte standarde de calitate \u0219i igien\u0103.<\/p>\n<p>\u00centr-un spa\u021biu ultramodern \u0219i primitor, echipa noastr\u0103 de arti\u0219ti talenta\u021bi este preg\u0103tit\u0103 s\u0103 aduc\u0103 la via\u021b\u0103 viziunea ta, ajut\u00e2ndu-te s\u0103-\u021bi exprimi unicitatea.\n\nPentru noi, fiecare proiect este unic \u2013 o colaborare \u00eentre tine \u0219i arti\u0219tii no\u0219tri pentru a crea ceva cu adev\u0103rat memorabil. Satisfac\u021bia ta este prioritatea noastr\u0103, iar misiunea noastr\u0103 este s\u0103-ti transform\u0103m ideile \u00een realitate.\n\n Hai s\u0103 cre\u0103m \u00eempreun\u0103 ceva cu adevarat\u00a0memorabil!<\/p>\t\t\t\t\t\t\t\t\t\t\t\t<!-- call -->\r\n\t\t\t\t\t\t\t\t\t\t\t<\/div>\r\n\t\t\t\t\t\t\t\t\t\t<div class=\"col col-md-3 animate-box\" data-animate-effect=\"fadeInUp\">\r\n\t\t\t\t\t\t<img decoding=\"async\" src=\"https:\/\/hypnosse.ro\/studio\/wp-content\/uploads\/2025\/01\/ss1-scaled.jpg\" alt=\"\" class=\"mt-90 mb-30\">\r\n\t\t\t\t\t<\/div>\r\n\t\t\t\t\t\t\t\t\t\t\t\t\t\t\t<div class=\"col col-md-3 animate-box\" data-animate-effect=\"fadeInUp\">\r\n\t\t\t\t\t\t<img decoding=\"async\" src=\"https:\/\/hypnosse.ro\/studio\/wp-content\/uploads\/2025\/01\/ss2-scaled.jpg\" alt=\"\">\r\n\t\t\t\t\t<\/div>\r\n\t\t\t\t\t\t\t\t\t<\/div>\r\n\t\t\t<\/div>\r\n\t\t<\/section>\r\n\r\n\t\t\t<\/div>\n\t\t\t\t<\/div>\n\t\t\t\t\t<\/div>\n\t\t<\/div>\n\t\t\t\t\t\t\t<\/div>\n\t\t<\/section>\n\t\t\t\t<section class=\"elementor-section elementor-top-section elementor-element elementor-element-7b25fe4 elementor-section-boxed elementor-section-height-default elementor-section-height-default\" data-id=\"7b25fe4\" data-element_type=\"section\" data-settings=\"{&quot;background_background&quot;:&quot;classic&quot;}\">\n\t\t\t\t\t\t<div class=\"elementor-container elementor-column-gap-default\">\n\t\t\t\t\t<div class=\"elementor-column elementor-col-100 elementor-top-column elementor-element elementor-element-e9fafef\" data-id=\"e9fafef\" data-element_type=\"column\">\n\t\t\t<div class=\"elementor-widget-wrap elementor-element-populated\">\n\t\t\t\t\t\t\t\t<div class=\"elementor-element elementor-element-55b5e3e elementor-align-center elementor-widget elementor-widget-pages-team\" data-id=\"55b5e3e\" data-element_type=\"widget\" data-widget_type=\"pages-team.default\">\n\t\t\t\t<div class=\"elementor-widget-container\">\n\t\t\t\r\n\t\t\t\t<section class=\"team section-padding bg-black\">\r\n\t\t \r\n\t\t    <div class=\"container\">\r\n\t\t        <div class=\"row\">\r\n\t\t            <div class=\"col-md-12\">\r\n\t\t                \t\t\t\t\t\t\t<div class=\"section-subtitle\">HYPNOSSE<\/div>\r\n\t\t\t\t\t\t\t\t\t\t\t\t\t\t\t\t\t\t\t<div class=\"section-title\">ARTISTI : <\/div>\r\n\t\t\t\t\t\t\t\t            <\/div>\r\n\t\t        <\/div>\r\n\t\t        <div class=\"row\">\r\n\t\t            <div class=\"col-md-12 owl-carousel owl-theme\">\r\n\t\t            \t\t\t\t                <div class=\"item\">\r\n\t\t\t                \t\t\t\t                    <div class=\"info\">\r\n\t\t\t                    \t\t\t\t                        \t\t\t                        \t\t\t                    <\/div>\r\n\t\t\t                <\/div>\r\n\t\t                \t\t            <\/div>\r\n\t\t        <\/div>\r\n\t\t    <\/div>\r\n\t\t<\/section>\r\n\r\n\t\t\t<\/div>\n\t\t\t\t<\/div>\n\t\t\t\t\t<\/div>\n\t\t<\/div>\n\t\t\t\t\t\t\t<\/div>\n\t\t<\/section>\n\t\t\t\t<section class=\"elementor-section elementor-top-section elementor-element elementor-element-eb389c7 elementor-section-boxed elementor-section-height-default elementor-section-height-default\" data-id=\"eb389c7\" data-element_type=\"section\" data-settings=\"{&quot;background_background&quot;:&quot;classic&quot;}\">\n\t\t\t\t\t\t<div class=\"elementor-container elementor-column-gap-default\">\n\t\t\t\t\t<div class=\"elementor-column elementor-col-33 elementor-top-column elementor-element elementor-element-e63912f\" data-id=\"e63912f\" data-element_type=\"column\">\n\t\t\t<div class=\"elementor-widget-wrap elementor-element-populated\">\n\t\t\t\t\t\t\t\t<div class=\"elementor-element elementor-element-5b3ea4c elementor-widget elementor-widget-image\" data-id=\"5b3ea4c\" data-element_type=\"widget\" data-widget_type=\"image.default\">\n\t\t\t\t<div class=\"elementor-widget-container\">\n\t\t\t<style>\/*! elementor - v3.7.6 - 15-09-2022 *\/\n.elementor-widget-image{text-align:center}.elementor-widget-image a{display:inline-block}.elementor-widget-image a img[src$=\".svg\"]{width:48px}.elementor-widget-image img{vertical-align:middle;display:inline-block}<\/style>\t\t\t\t\t\t\t\t\t\t\t\t<img loading=\"lazy\" decoding=\"async\" width=\"768\" height=\"1024\" src=\"https:\/\/hypnosse.ro\/studio\/wp-content\/uploads\/2025\/01\/Untitled_Artwork-768x1024.jpeg\" class=\"attachment-large size-large\" alt=\"\" srcset=\"https:\/\/hypnosse.ro\/studio\/wp-content\/uploads\/2025\/01\/Untitled_Artwork-768x1025.jpeg 768w, https:\/\/hypnosse.ro\/studio\/wp-content\/uploads\/2025\/01\/Untitled_Artwork-225x300.jpeg 225w, https:\/\/hypnosse.ro\/studio\/wp-content\/uploads\/2025\/01\/Untitled_Artwork-1151x1536.jpeg 1151w, https:\/\/hypnosse.ro\/studio\/wp-content\/uploads\/2025\/01\/Untitled_Artwork-1535x2048.jpeg 1535w, https:\/\/hypnosse.ro\/studio\/wp-content\/uploads\/2025\/01\/Untitled_Artwork-scaled.jpeg 1919w\" sizes=\"auto, (max-width: 768px) 100vw, 768px\" \/>\t\t\t\t\t\t\t\t\t\t\t\t\t\t\t<\/div>\n\t\t\t\t<\/div>\n\t\t\t\t\t<\/div>\n\t\t<\/div>\n\t\t\t\t<div class=\"elementor-column elementor-col-33 elementor-top-column elementor-element elementor-element-14c945d\" data-id=\"14c945d\" data-element_type=\"column\">\n\t\t\t<div class=\"elementor-widget-wrap elementor-element-populated\">\n\t\t\t\t\t\t\t\t<div class=\"elementor-element elementor-element-bc5d167 elementor-widget elementor-widget-image\" data-id=\"bc5d167\" data-element_type=\"widget\" data-widget_type=\"image.default\">\n\t\t\t\t<div class=\"elementor-widget-container\">\n\t\t\t\t\t\t\t\t\t\t\t\t\t\t\t<img loading=\"lazy\" decoding=\"async\" width=\"768\" height=\"1024\" src=\"https:\/\/hypnosse.ro\/studio\/wp-content\/uploads\/2025\/01\/Untitled_Artwork-2-768x1024.jpeg\" class=\"attachment-large size-large\" alt=\"\" srcset=\"https:\/\/hypnosse.ro\/studio\/wp-content\/uploads\/2025\/01\/Untitled_Artwork-2-768x1025.jpeg 768w, https:\/\/hypnosse.ro\/studio\/wp-content\/uploads\/2025\/01\/Untitled_Artwork-2-225x300.jpeg 225w, https:\/\/hypnosse.ro\/studio\/wp-content\/uploads\/2025\/01\/Untitled_Artwork-2-1151x1536.jpeg 1151w, https:\/\/hypnosse.ro\/studio\/wp-content\/uploads\/2025\/01\/Untitled_Artwork-2-1535x2048.jpeg 1535w, https:\/\/hypnosse.ro\/studio\/wp-content\/uploads\/2025\/01\/Untitled_Artwork-2-scaled.jpeg 1919w\" sizes=\"auto, (max-width: 768px) 100vw, 768px\" \/>\t\t\t\t\t\t\t\t\t\t\t\t\t\t\t<\/div>\n\t\t\t\t<\/div>\n\t\t\t\t\t<\/div>\n\t\t<\/div>\n\t\t\t\t<div class=\"elementor-column elementor-col-33 elementor-top-column elementor-element elementor-element-c992640\" data-id=\"c992640\" data-element_type=\"column\">\n\t\t\t<div class=\"elementor-widget-wrap elementor-element-populated\">\n\t\t\t\t\t\t\t\t<div class=\"elementor-element elementor-element-8ada01c elementor-widget elementor-widget-image\" data-id=\"8ada01c\" data-element_type=\"widget\" data-widget_type=\"image.default\">\n\t\t\t\t<div class=\"elementor-widget-container\">\n\t\t\t\t\t\t\t\t\t\t\t\t\t\t\t<img loading=\"lazy\" decoding=\"async\" width=\"768\" height=\"1024\" src=\"https:\/\/hypnosse.ro\/studio\/wp-content\/uploads\/2025\/01\/Untitled_Artwork-1-768x1024.jpeg\" class=\"attachment-large size-large\" alt=\"\" srcset=\"https:\/\/hypnosse.ro\/studio\/wp-content\/uploads\/2025\/01\/Untitled_Artwork-1-768x1025.jpeg 768w, https:\/\/hypnosse.ro\/studio\/wp-content\/uploads\/2025\/01\/Untitled_Artwork-1-225x300.jpeg 225w, https:\/\/hypnosse.ro\/studio\/wp-content\/uploads\/2025\/01\/Untitled_Artwork-1-1151x1536.jpeg 1151w, https:\/\/hypnosse.ro\/studio\/wp-content\/uploads\/2025\/01\/Untitled_Artwork-1-1535x2048.jpeg 1535w, https:\/\/hypnosse.ro\/studio\/wp-content\/uploads\/2025\/01\/Untitled_Artwork-1-scaled.jpeg 1919w\" sizes=\"auto, (max-width: 768px) 100vw, 768px\" \/>\t\t\t\t\t\t\t\t\t\t\t\t\t\t\t<\/div>\n\t\t\t\t<\/div>\n\t\t\t\t\t<\/div>\n\t\t<\/div>\n\t\t\t\t\t\t\t<\/div>\n\t\t<\/section>\n\t\t\t\t<section class=\"elementor-section elementor-top-section elementor-element elementor-element-b5ff21f elementor-section-full_width elementor-section-height-default elementor-section-height-default\" data-id=\"b5ff21f\" data-element_type=\"section\" data-settings=\"{&quot;background_background&quot;:&quot;classic&quot;}\">\n\t\t\t\t\t\t<div class=\"elementor-container elementor-column-gap-no\">\n\t\t\t\t\t<div class=\"elementor-column elementor-col-100 elementor-top-column elementor-element elementor-element-cf33871\" data-id=\"cf33871\" data-element_type=\"column\">\n\t\t\t<div class=\"elementor-widget-wrap elementor-element-populated\">\n\t\t\t\t\t\t\t\t<div class=\"elementor-element elementor-element-b904fd8 elementor-align-left elementor-widget elementor-widget-home-services\" data-id=\"b904fd8\" data-element_type=\"widget\" data-widget_type=\"home-services.default\">\n\t\t\t\t<div class=\"elementor-widget-container\">\n\t\t\t\r\n\t\t<section class=\"facilties section-padding\">\r\n\t\t\t<div class=\"container\">\r\n\t\t\t\t<div class=\"row\">\r\n\t\t\t\t\t<div class=\"col-md-12\">\r\n\t\t\t\t\t\t\t\t\t\t\t\t\t<div class=\"section-subtitle\">Avantaje \u0219i Beneficii<\/div>\r\n\t\t\t\t\t\t\t\t\t\t\t\t\t\t\t\t\t\t\t<div class=\"section-title\">Servicii<\/div>\r\n\t\t\t\t\t\t\t\t\t\t\t<\/div>\r\n\t\t\t\t<\/div>\r\n\t\t\t\t<div class=\"row\">\r\n\t\t\t\t\t\t\t\t\t\t\t<div class=\"col-md-4\">\r\n\t\t\t\t\t\t\t<div class=\"single-facility animate-box\" data-animate-effect=\"fadeInUp\">\r\n\t\t\t\t\t\t\t\t\t\t\t\t\t\t\t\t\t<span class=\"flaticon-world\"><\/span>\r\n\t\t\t\t\t\t\t\t\t\t\t\t\t\t\t\t\t\t\t\t\t\t\t\t\t<h5>Design Personalizat<\/h5>\r\n\t\t\t\t\t\t\t\t\t\t\t\t\t\t\t\t\t\t\t\t\t\t\t\t\t<p>Fiecare tatuaj este unic, creat special pentru tine, astfel \u00eenc\u00e2t s\u0103 reflecte personalitatea, povestea sau valorile tale.\n\n<\/p>\r\n\t\t\t\t\t\t\t\t\t\t\t\t\t\t\t\t\t\t\t\t\t\t\t\t\t<div class=\"facility-shape\">\r\n\t\t\t\t\t\t\t\t\t\t<span class=\"flaticon-world\"><\/span> \r\n\t\t\t\t\t\t\t\t\t<\/div>\r\n\t\t\t\t\t\t\t\t\t\t\t\t\t\t\t<\/div>\r\n\t\t\t\t\t\t<\/div>\r\n\t\t\t\t\t\t\t\t\t\t\t<div class=\"col-md-4\">\r\n\t\t\t\t\t\t\t<div class=\"single-facility animate-box\" data-animate-effect=\"fadeInUp\">\r\n\t\t\t\t\t\t\t\t\t\t\t\t\t\t\t\t\t<span class=\"flaticon-world\"><\/span>\r\n\t\t\t\t\t\t\t\t\t\t\t\t\t\t\t\t\t\t\t\t\t\t\t\t\t<h5>Arti\u0219ti Talenta\u021bi \u0219i Experimenta\u021bi\n<\/h5>\r\n\t\t\t\t\t\t\t\t\t\t\t\t\t\t\t\t\t\t\t\t\t\t\t\t\t<p>Echipa noastr\u0103 este format\u0103 din profesioni\u0219ti dedica\u021bi, cu experien\u021b\u0103 \u0219i pasiune pentru arta tatuajului.\n\n<\/p>\r\n\t\t\t\t\t\t\t\t\t\t\t\t\t\t\t\t\t\t\t\t\t\t\t\t\t<div class=\"facility-shape\">\r\n\t\t\t\t\t\t\t\t\t\t<span class=\"flaticon-world\"><\/span> \r\n\t\t\t\t\t\t\t\t\t<\/div>\r\n\t\t\t\t\t\t\t\t\t\t\t\t\t\t\t<\/div>\r\n\t\t\t\t\t\t<\/div>\r\n\t\t\t\t\t\t\t\t\t\t\t<div class=\"col-md-4\">\r\n\t\t\t\t\t\t\t<div class=\"single-facility animate-box\" data-animate-effect=\"fadeInUp\">\r\n\t\t\t\t\t\t\t\t\t\t\t\t\t\t\t\t\t<span class=\"flaticon-world\"><\/span>\r\n\t\t\t\t\t\t\t\t\t\t\t\t\t\t\t\t\t\t\t\t\t\t\t\t\t<h5>Igien\u0103 \u0219i Siguran\u021b\u0103\n<\/h5>\r\n\t\t\t\t\t\t\t\t\t\t\t\t\t\t\t\t\t\t\t\t\t\t\t\t\t<p>Lucr\u0103m \u00een cele mai stricte condi\u021bii de igien\u0103, utiliz\u00e2nd echipamente sterile \u0219i materiale de \u00eenalt\u0103 calitate, pentru a-\u021bi oferi un proces sigur \u0219i confortabil.\n\n<\/p>\r\n\t\t\t\t\t\t\t\t\t\t\t\t\t\t\t\t\t\t\t\t\t\t\t\t\t<div class=\"facility-shape\">\r\n\t\t\t\t\t\t\t\t\t\t<span class=\"flaticon-world\"><\/span> \r\n\t\t\t\t\t\t\t\t\t<\/div>\r\n\t\t\t\t\t\t\t\t\t\t\t\t\t\t\t<\/div>\r\n\t\t\t\t\t\t<\/div>\r\n\t\t\t\t\t\t\t\t\t\t\t<div class=\"col-md-4\">\r\n\t\t\t\t\t\t\t<div class=\"single-facility animate-box\" data-animate-effect=\"fadeInUp\">\r\n\t\t\t\t\t\t\t\t\t\t\t\t\t\t\t\t\t<span class=\"flaticon-world\"><\/span>\r\n\t\t\t\t\t\t\t\t\t\t\t\t\t\t\t\t\t\t\t\t\t\t\t\t\t<h5>Tehnici Moderne\n<\/h5>\r\n\t\t\t\t\t\t\t\t\t\t\t\t\t\t\t\t\t\t\t\t\t\t\t\t\t<p>Folosim tehnici de tatuaj \u0219i micropigmentare de ultim\u0103 genera\u021bie, asigur\u00e2nd precizie \u0219i rezultate impecabile.\n\n<\/p>\r\n\t\t\t\t\t\t\t\t\t\t\t\t\t\t\t\t\t\t\t\t\t\t\t\t\t<div class=\"facility-shape\">\r\n\t\t\t\t\t\t\t\t\t\t<span class=\"flaticon-world\"><\/span> \r\n\t\t\t\t\t\t\t\t\t<\/div>\r\n\t\t\t\t\t\t\t\t\t\t\t\t\t\t\t<\/div>\r\n\t\t\t\t\t\t<\/div>\r\n\t\t\t\t\t\t\t\t\t\t\t<div class=\"col-md-4\">\r\n\t\t\t\t\t\t\t<div class=\"single-facility animate-box\" data-animate-effect=\"fadeInUp\">\r\n\t\t\t\t\t\t\t\t\t\t\t\t\t\t\t\t\t<span class=\"flaticon-world\"><\/span>\r\n\t\t\t\t\t\t\t\t\t\t\t\t\t\t\t\t\t\t\t\t\t\t\t\t\t<h5>Consultan\u021b\u0103 Personalizat\u0103\n<\/h5>\r\n\t\t\t\t\t\t\t\t\t\t\t\t\t\t\t\t\t\t\t\t\t\t\t\t\t<p>\u00ce\u021bi oferim suport \u0219i consiliere, de la alegerea designului p\u00e2n\u0103 la \u00eengrijirea tatuajului, pentru ca tu s\u0103 fii complet mul\u021bumit.\n\n<\/p>\r\n\t\t\t\t\t\t\t\t\t\t\t\t\t\t\t\t\t\t\t\t\t\t\t\t\t<div class=\"facility-shape\">\r\n\t\t\t\t\t\t\t\t\t\t<span class=\"flaticon-world\"><\/span> \r\n\t\t\t\t\t\t\t\t\t<\/div>\r\n\t\t\t\t\t\t\t\t\t\t\t\t\t\t\t<\/div>\r\n\t\t\t\t\t\t<\/div>\r\n\t\t\t\t\t\t\t\t\t\t\t<div class=\"col-md-4\">\r\n\t\t\t\t\t\t\t<div class=\"single-facility animate-box\" data-animate-effect=\"fadeInUp\">\r\n\t\t\t\t\t\t\t\t\t\t\t\t\t\t\t\t\t<span class=\"flaticon-world\"><\/span>\r\n\t\t\t\t\t\t\t\t\t\t\t\t\t\t\t\t\t\t\t\t\t\t\t\t\t<h5>Atmosfer\u0103 Primitoare\n<\/h5>\r\n\t\t\t\t\t\t\t\t\t\t\t\t\t\t\t\t\t\t\t\t\t\t\t\t\t<p>La Hypnosse Tattoo Studio, te vei sim\u021bi relaxat \u0219i \u00een\u021beles, \u00eentr-un spa\u021biu creat pentru confortul \u0219i inspira\u021bia ta.\n\n<\/p>\r\n\t\t\t\t\t\t\t\t\t\t\t\t\t\t\t\t\t\t\t\t\t\t\t\t\t<div class=\"facility-shape\">\r\n\t\t\t\t\t\t\t\t\t\t<span class=\"flaticon-world\"><\/span> \r\n\t\t\t\t\t\t\t\t\t<\/div>\r\n\t\t\t\t\t\t\t\t\t\t\t\t\t\t\t<\/div>\r\n\t\t\t\t\t\t<\/div>\r\n\t\t\t\t\t\t\t\t\t<\/div>\r\n\t\t\t<\/div>\r\n\t\t<\/section>\r\n\r\n\t\t\t<\/div>\n\t\t\t\t<\/div>\n\t\t\t\t\t<\/div>\n\t\t<\/div>\n\t\t\t\t\t\t\t<\/div>\n\t\t<\/section>\n\t\t\t\t\t\t\t<\/div>\n\t\t","protected":false},"excerpt":{"rendered":"<p>Hypnosse Tattoo Studio Despre noi The Cappa Locul Unde Arta Prinde Via\u021b\u0103 pe Pielea Ta Hypnosse Tattoo Studio Bun venit la studioul nostru, unde pasiunea pentru art\u0103 \u00eent\u00e2lne\u0219te profesionalismul! Din 2011, transform\u0103m ideile \u0219i pove\u0219tile clien\u021bilor no\u0219tri \u00een opere de art\u0103 personalizate. Oferim servicii premium de tatuaj, piercing \u0219i micropigmentare, realizate la cele mai \u00eenalte [&hellip;]<\/p>\n","protected":false},"author":1,"featured_media":0,"parent":0,"menu_order":0,"comment_status":"closed","ping_status":"closed","template":"page-templates\/dark-sidebar.php","meta":{"footnotes":""},"class_list":["post-932","page","type-page","status-publish","hentry"],"_links":{"self":[{"href":"https:\/\/hypnosse.ro\/studio\/wp-json\/wp\/v2\/pages\/932","targetHints":{"allow":["GET"]}}],"collection":[{"href":"https:\/\/hypnosse.ro\/studio\/wp-json\/wp\/v2\/pages"}],"about":[{"href":"https:\/\/hypnosse.ro\/studio\/wp-json\/wp\/v2\/types\/page"}],"author":[{"embeddable":true,"href":"https:\/\/hypnosse.ro\/studio\/wp-json\/wp\/v2\/users\/1"}],"replies":[{"embeddable":true,"href":"https:\/\/hypnosse.ro\/studio\/wp-json\/wp\/v2\/comments?post=932"}],"version-history":[{"count":34,"href":"https:\/\/hypnosse.ro\/studio\/wp-json\/wp\/v2\/pages\/932\/revisions"}],"predecessor-version":[{"id":1940,"href":"https:\/\/hypnosse.ro\/studio\/wp-json\/wp\/v2\/pages\/932\/revisions\/1940"}],"wp:attachment":[{"href":"https:\/\/hypnosse.ro\/studio\/wp-json\/wp\/v2\/media?parent=932"}],"curies":[{"name":"wp","href":"https:\/\/api.w.org\/{rel}","templated":true}]}}