{"id":1754,"date":"2025-01-30T03:41:18","date_gmt":"2025-01-30T03:41:18","guid":{"rendered":"https:\/\/hypnosse.ro\/studio\/?page_id=1754"},"modified":"2025-01-30T12:56:01","modified_gmt":"2025-01-30T12:56:01","slug":"recomandari","status":"publish","type":"page","link":"https:\/\/hypnosse.ro\/studio\/recomandari\/","title":{"rendered":"Recomandari"},"content":{"rendered":"\t\t<div data-elementor-type=\"wp-page\" data-elementor-id=\"1754\" class=\"elementor elementor-1754\">\n\t\t\t\t\t\t\t\t\t<section class=\"elementor-section elementor-top-section elementor-element elementor-element-9b19348 elementor-section-full_width elementor-section-height-default elementor-section-height-default\" data-id=\"9b19348\" data-element_type=\"section\">\n\t\t\t\t\t\t<div class=\"elementor-container elementor-column-gap-default\">\n\t\t\t\t\t<div class=\"elementor-column elementor-col-100 elementor-top-column elementor-element elementor-element-7988d17\" data-id=\"7988d17\" data-element_type=\"column\">\n\t\t\t<div class=\"elementor-widget-wrap elementor-element-populated\">\n\t\t\t\t\t\t\t\t<div class=\"elementor-element elementor-element-c37e047 elementor-align-left elementor-widget elementor-widget-pages-banner\" data-id=\"c37e047\" data-element_type=\"widget\" data-widget_type=\"pages-banner.default\">\n\t\t\t\t<div class=\"elementor-widget-container\">\n\t\t\t\r\n\t\t\t\t<div class=\"banner-header section-padding valign bg-img bg-fixed\" data-overlay-dark=\"4\" data-background=\"https:\/\/hypnosse.ro\/studio\/wp-content\/uploads\/2025\/01\/background.jpg\">\r\n\t\t\t\t\t<div class=\"container\">\r\n\t\t\t\t<div class=\"row\">\r\n\t\t\t\t\t<div class=\"col-md-12 caption mt-90\">\r\n\t\t\t\t\t\t\t\t\t\t\t\t<h5>Hypnosse Tattoo Studio<\/h5>\r\n\t\t\t\t\t\t\t\t\t\t\t\t\t\t\t\t\t\t<h1>Recomandari<\/h1>\r\n\t\t\t\t\t\t\t\t\t\t\t<\/div>\r\n\t\t\t\t<\/div>\r\n\t\t\t<\/div>\r\n\t\t<\/div>\r\n\r\n\t\t\t<\/div>\n\t\t\t\t<\/div>\n\t\t\t\t\t<\/div>\n\t\t<\/div>\n\t\t\t\t\t\t\t<\/div>\n\t\t<\/section>\n\t\t\t\t<section class=\"elementor-section elementor-top-section elementor-element elementor-element-bbb2f11 elementor-section-boxed elementor-section-height-default elementor-section-height-default\" data-id=\"bbb2f11\" data-element_type=\"section\">\n\t\t\t\t\t\t<div class=\"elementor-container elementor-column-gap-default\">\n\t\t\t\t\t<div class=\"elementor-column elementor-col-100 elementor-top-column elementor-element elementor-element-c7fc9aa\" data-id=\"c7fc9aa\" data-element_type=\"column\">\n\t\t\t<div class=\"elementor-widget-wrap elementor-element-populated\">\n\t\t\t\t\t\t\t\t<div class=\"elementor-element elementor-element-5acfe46 elementor-widget elementor-widget-text-editor\" data-id=\"5acfe46\" data-element_type=\"widget\" data-widget_type=\"text-editor.default\">\n\t\t\t\t<div class=\"elementor-widget-container\">\n\t\t\t<style>\/*! elementor - v3.7.6 - 15-09-2022 *\/\n.elementor-widget-text-editor.elementor-drop-cap-view-stacked .elementor-drop-cap{background-color:#818a91;color:#fff}.elementor-widget-text-editor.elementor-drop-cap-view-framed .elementor-drop-cap{color:#818a91;border:3px solid;background-color:transparent}.elementor-widget-text-editor:not(.elementor-drop-cap-view-default) .elementor-drop-cap{margin-top:8px}.elementor-widget-text-editor:not(.elementor-drop-cap-view-default) .elementor-drop-cap-letter{width:1em;height:1em}.elementor-widget-text-editor .elementor-drop-cap{float:left;text-align:center;line-height:1;font-size:50px}.elementor-widget-text-editor .elementor-drop-cap-letter{display:inline-block}<\/style>\t\t\t\t<h4><span style=\"color: #95784e;\">Recomand\u0103ri esen\u021biale \u00eenainte de a face un tatuaj:<\/span><\/h4><h5><strong>1.<\/strong>Hidrateaz\u0103-\u021bi pielea: Bea ap\u0103 \u0219i aplic\u0103 o crem\u0103 hidratant\u0103 cu c\u00e2teva zile \u00eenainte, dar evit\u0103 s\u0103 aplici crem\u0103 chiar \u00eenainte de sesiune.<\/h5><h5><strong>2<\/strong>.Odihne\u0219te-te bine: Dormi suficient pentru a-\u021bi preg\u0103ti corpul s\u0103 suporte procesul.<\/h5><h5><strong>3.<\/strong>M\u0103n\u00e2nc\u0103 bine: Consum\u0103 o mas\u0103 s\u0103n\u0103toas\u0103 \u00eenainte pentru a preveni sc\u0103derea glicemiei.<\/h5><h5><strong>4.<\/strong>Evit\u0103 alcoolul \u0219i cafeaua: Cu 24 de ore \u00eenainte, evit\u0103 alcoolul \u0219i cafeaua, deoarece sub\u021biaz\u0103 s\u00e2ngele \u0219i poate afecta tatuajul.<\/h5><h5><strong>5.<\/strong>\u00cembrac\u0103-te confortabil: Poart\u0103 haine care permit acces u\u0219or la zona ce va fi tatuat\u0103.<\/h5><h5><strong>6.<\/strong>Evit\u0103 expunerea la soare: Nu te arde pe zona care va fi tatuat\u0103, pielea iritat\u0103 poate face tatuarea mai dureroas\u0103.<\/h5><h5>\u00a0 \u00a0 \u00a0\u00a0<\/h5><h5>Aceste preg\u0103tiri \u00ee\u021bi vor asigura o experien\u021b\u0103 mai pl\u0103cut\u0103 \u0219i un rezultat mai bun!<\/h5>\t\t\t\t\t\t<\/div>\n\t\t\t\t<\/div>\n\t\t\t\t\t<\/div>\n\t\t<\/div>\n\t\t\t\t\t\t\t<\/div>\n\t\t<\/section>\n\t\t\t\t<section class=\"elementor-section elementor-top-section elementor-element elementor-element-c00ba74 elementor-section-boxed elementor-section-height-default elementor-section-height-default\" data-id=\"c00ba74\" data-element_type=\"section\">\n\t\t\t\t\t\t<div class=\"elementor-container elementor-column-gap-default\">\n\t\t\t\t\t<div class=\"elementor-column elementor-col-100 elementor-top-column elementor-element elementor-element-2300a79\" data-id=\"2300a79\" data-element_type=\"column\">\n\t\t\t<div class=\"elementor-widget-wrap elementor-element-populated\">\n\t\t\t\t\t\t\t\t<div class=\"elementor-element elementor-element-e0b1380 elementor-widget elementor-widget-text-editor\" data-id=\"e0b1380\" data-element_type=\"widget\" data-widget_type=\"text-editor.default\">\n\t\t\t\t<div class=\"elementor-widget-container\">\n\t\t\t\t\t\t\t<h4><span style=\"color: #95784e;\">Instructiuni recomandate : <br \/><\/span><\/h4><h5>\u00a0<\/h5>\t\t\t\t\t\t<\/div>\n\t\t\t\t<\/div>\n\t\t\t\t\t<\/div>\n\t\t<\/div>\n\t\t\t\t\t\t\t<\/div>\n\t\t<\/section>\n\t\t\t\t<section class=\"elementor-section elementor-top-section elementor-element elementor-element-a2e6640 elementor-section-boxed elementor-section-height-default elementor-section-height-default\" data-id=\"a2e6640\" data-element_type=\"section\">\n\t\t\t\t\t\t<div class=\"elementor-container elementor-column-gap-default\">\n\t\t\t\t\t<div class=\"elementor-column elementor-col-100 elementor-top-column elementor-element elementor-element-747fe7a\" data-id=\"747fe7a\" data-element_type=\"column\">\n\t\t\t<div class=\"elementor-widget-wrap elementor-element-populated\">\n\t\t\t\t\t\t\t\t<div class=\"elementor-element elementor-element-01ab3cf elementor-widget elementor-widget-image\" data-id=\"01ab3cf\" data-element_type=\"widget\" data-widget_type=\"image.default\">\n\t\t\t\t<div class=\"elementor-widget-container\">\n\t\t\t<style>\/*! elementor - v3.7.6 - 15-09-2022 *\/\n.elementor-widget-image{text-align:center}.elementor-widget-image a{display:inline-block}.elementor-widget-image a img[src$=\".svg\"]{width:48px}.elementor-widget-image img{vertical-align:middle;display:inline-block}<\/style>\t\t\t\t\t\t\t\t\t\t\t\t<img loading=\"lazy\" decoding=\"async\" width=\"732\" height=\"1024\" src=\"https:\/\/hypnosse.ro\/studio\/wp-content\/uploads\/2025\/01\/image0-1-732x1024.jpeg\" class=\"attachment-large size-large\" alt=\"\" srcset=\"https:\/\/hypnosse.ro\/studio\/wp-content\/uploads\/2025\/01\/image0-1-732x1024.jpeg 732w, https:\/\/hypnosse.ro\/studio\/wp-content\/uploads\/2025\/01\/image0-1-214x300.jpeg 214w, https:\/\/hypnosse.ro\/studio\/wp-content\/uploads\/2025\/01\/image0-1-768x1074.jpeg 768w, https:\/\/hypnosse.ro\/studio\/wp-content\/uploads\/2025\/01\/image0-1-1098x1536.jpeg 1098w, https:\/\/hypnosse.ro\/studio\/wp-content\/uploads\/2025\/01\/image0-1-1464x2048.jpeg 1464w, https:\/\/hypnosse.ro\/studio\/wp-content\/uploads\/2025\/01\/image0-1.jpeg 1580w\" sizes=\"auto, (max-width: 732px) 100vw, 732px\" \/>\t\t\t\t\t\t\t\t\t\t\t\t\t\t\t<\/div>\n\t\t\t\t<\/div>\n\t\t\t\t\t<\/div>\n\t\t<\/div>\n\t\t\t\t\t\t\t<\/div>\n\t\t<\/section>\n\t\t\t\t\t\t\t<\/div>\n\t\t","protected":false},"excerpt":{"rendered":"<p>Hypnosse Tattoo Studio Recomandari Recomand\u0103ri esen\u021biale \u00eenainte de a face un tatuaj:1.Hidrateaz\u0103-\u021bi pielea: Bea ap\u0103 \u0219i aplic\u0103 o crem\u0103 hidratant\u0103 cu c\u00e2teva zile \u00eenainte, dar evit\u0103 s\u0103 aplici crem\u0103 chiar \u00eenainte de sesiune.2.Odihne\u0219te-te bine: Dormi suficient pentru a-\u021bi preg\u0103ti corpul s\u0103 suporte procesul.3.M\u0103n\u00e2nc\u0103 bine: Consum\u0103 o mas\u0103 s\u0103n\u0103toas\u0103 \u00eenainte pentru a preveni sc\u0103derea glicemiei.4.Evit\u0103 alcoolul [&hellip;]<\/p>\n","protected":false},"author":1,"featured_media":0,"parent":0,"menu_order":0,"comment_status":"closed","ping_status":"closed","template":"page-templates\/dark-sidebar.php","meta":{"footnotes":""},"class_list":["post-1754","page","type-page","status-publish","hentry"],"_links":{"self":[{"href":"https:\/\/hypnosse.ro\/studio\/wp-json\/wp\/v2\/pages\/1754","targetHints":{"allow":["GET"]}}],"collection":[{"href":"https:\/\/hypnosse.ro\/studio\/wp-json\/wp\/v2\/pages"}],"about":[{"href":"https:\/\/hypnosse.ro\/studio\/wp-json\/wp\/v2\/types\/page"}],"author":[{"embeddable":true,"href":"https:\/\/hypnosse.ro\/studio\/wp-json\/wp\/v2\/users\/1"}],"replies":[{"embeddable":true,"href":"https:\/\/hypnosse.ro\/studio\/wp-json\/wp\/v2\/comments?post=1754"}],"version-history":[{"count":44,"href":"https:\/\/hypnosse.ro\/studio\/wp-json\/wp\/v2\/pages\/1754\/revisions"}],"predecessor-version":[{"id":1921,"href":"https:\/\/hypnosse.ro\/studio\/wp-json\/wp\/v2\/pages\/1754\/revisions\/1921"}],"wp:attachment":[{"href":"https:\/\/hypnosse.ro\/studio\/wp-json\/wp\/v2\/media?parent=1754"}],"curies":[{"name":"wp","href":"https:\/\/api.w.org\/{rel}","templated":true}]}}