{"id":2055,"date":"2025-01-19T22:47:03","date_gmt":"2025-01-19T22:47:03","guid":{"rendered":"https:\/\/hypnosse.ro\/shop\/?post_type=product&#038;p=2055"},"modified":"2025-01-19T22:47:03","modified_gmt":"2025-01-19T22:47:03","slug":"david-joker","status":"publish","type":"product","link":"https:\/\/hypnosse.ro\/shop\/product\/david-joker\/","title":{"rendered":"David &#8222;JOKER&#8221;"},"content":{"rendered":"<p>Statuet\u0103 unicat cu chipul lui David pictat ca Joker<\/p>\n<p>Aceast\u0103 statuet\u0103 impresionant\u0103 reinterpreteaz\u0103 celebrul chip al lui David \u00eentr-un mod neconven\u021bional, pict\u00e2ndu-l ca Jokerul din Batman. Detaliile faciale sunt combinate cu tr\u0103s\u0103turi iconice ale personajului, precum z\u00e2mbetul malefic \u0219i machiajul distinctiv, cre\u00e2nd o fuziune \u00eentre arta clasic\u0103 \u0219i cultura pop modern\u0103.<\/p>\n<p>Un amestec fascinant de estetic\u0103 clasic\u0103 \u0219i simbolism contemporan!<\/p>\n<p>&nbsp;<\/p>\n<p>&nbsp;<\/p>\n","protected":false},"excerpt":{"rendered":"<p>Statuet\u0103 unicat cu chipul lui David pictat ca Joker Aceast\u0103 statuet\u0103 impresionant\u0103 reinterpreteaz\u0103 celebrul chip al lui David \u00eentr-un mod neconven\u021bional, pict\u00e2ndu-l ca Jokerul din&#8230;<\/p>\n","protected":false},"featured_media":2043,"comment_status":"open","ping_status":"closed","template":"","meta":[],"etheme_brands":[],"product_brand":[],"product_cat":[31],"product_tag":[],"class_list":{"0":"post-2055","1":"product","2":"type-product","3":"status-publish","4":"has-post-thumbnail","6":"product_cat-statuete","8":"first","9":"instock","10":"shipping-taxable","11":"purchasable","12":"product-type-simple"},"_links":{"self":[{"href":"https:\/\/hypnosse.ro\/shop\/wp-json\/wp\/v2\/product\/2055","targetHints":{"allow":["GET"]}}],"collection":[{"href":"https:\/\/hypnosse.ro\/shop\/wp-json\/wp\/v2\/product"}],"about":[{"href":"https:\/\/hypnosse.ro\/shop\/wp-json\/wp\/v2\/types\/product"}],"replies":[{"embeddable":true,"href":"https:\/\/hypnosse.ro\/shop\/wp-json\/wp\/v2\/comments?post=2055"}],"version-history":[{"count":1,"href":"https:\/\/hypnosse.ro\/shop\/wp-json\/wp\/v2\/product\/2055\/revisions"}],"predecessor-version":[{"id":2056,"href":"https:\/\/hypnosse.ro\/shop\/wp-json\/wp\/v2\/product\/2055\/revisions\/2056"}],"wp:featuredmedia":[{"embeddable":true,"href":"https:\/\/hypnosse.ro\/shop\/wp-json\/wp\/v2\/media\/2043"}],"wp:attachment":[{"href":"https:\/\/hypnosse.ro\/shop\/wp-json\/wp\/v2\/media?parent=2055"}],"wp:term":[{"taxonomy":"brand","embeddable":true,"href":"https:\/\/hypnosse.ro\/shop\/wp-json\/wp\/v2\/etheme_brands?post=2055"},{"taxonomy":"product_brand","embeddable":true,"href":"https:\/\/hypnosse.ro\/shop\/wp-json\/wp\/v2\/product_brand?post=2055"},{"taxonomy":"product_cat","embeddable":true,"href":"https:\/\/hypnosse.ro\/shop\/wp-json\/wp\/v2\/product_cat?post=2055"},{"taxonomy":"product_tag","embeddable":true,"href":"https:\/\/hypnosse.ro\/shop\/wp-json\/wp\/v2\/product_tag?post=2055"}],"curies":[{"name":"wp","href":"https:\/\/api.w.org\/{rel}","templated":true}]}}