{"id":2053,"date":"2025-01-19T22:44:25","date_gmt":"2025-01-19T22:44:25","guid":{"rendered":"https:\/\/hypnosse.ro\/shop\/?post_type=product&#038;p=2053"},"modified":"2025-01-19T22:44:25","modified_gmt":"2025-01-19T22:44:25","slug":"golden-empire","status":"publish","type":"product","link":"https:\/\/hypnosse.ro\/shop\/product\/golden-empire\/","title":{"rendered":"&#8222;Golden Empire&#8221;"},"content":{"rendered":"<p>&nbsp;<\/p>\n<p>Aceast\u0103 lucrare impresionant\u0103 combin\u0103 sute de bancnote de 100 dolari, stante aurii \u0219i sigla dolarului mare \u00eentr-un design tridimensional captivant. Fiecare element adaug\u0103 ad\u00e2ncime \u0219i simbolism, reflect\u00e2nd puterea economic\u0103 \u0219i luxul \u00eentr-o pies\u0103 de art\u0103 unic\u0103.<\/p>\n<p>Un tablou ce \u00eembin\u0103 bog\u0103\u021bia cu estetica volumetric\u0103 \u0219i simbolistic\u0103!<\/p>\n<p>110\/90cm<\/p>\n","protected":false},"excerpt":{"rendered":"<p>Un tablou ce \u00eembin\u0103 bog\u0103\u021bia cu estetica volumetric\u0103 \u0219i simbolistic\u0103!<\/p>\n","protected":false},"featured_media":2048,"comment_status":"open","ping_status":"closed","template":"","meta":[],"etheme_brands":[],"product_brand":[],"product_cat":[30],"product_tag":[],"class_list":{"0":"post-2053","1":"product","2":"type-product","3":"status-publish","4":"has-post-thumbnail","6":"product_cat-tablouri-personalizate-unicat","8":"first","9":"instock","10":"shipping-taxable","11":"purchasable","12":"product-type-simple"},"_links":{"self":[{"href":"https:\/\/hypnosse.ro\/shop\/wp-json\/wp\/v2\/product\/2053","targetHints":{"allow":["GET"]}}],"collection":[{"href":"https:\/\/hypnosse.ro\/shop\/wp-json\/wp\/v2\/product"}],"about":[{"href":"https:\/\/hypnosse.ro\/shop\/wp-json\/wp\/v2\/types\/product"}],"replies":[{"embeddable":true,"href":"https:\/\/hypnosse.ro\/shop\/wp-json\/wp\/v2\/comments?post=2053"}],"version-history":[{"count":1,"href":"https:\/\/hypnosse.ro\/shop\/wp-json\/wp\/v2\/product\/2053\/revisions"}],"predecessor-version":[{"id":2054,"href":"https:\/\/hypnosse.ro\/shop\/wp-json\/wp\/v2\/product\/2053\/revisions\/2054"}],"wp:featuredmedia":[{"embeddable":true,"href":"https:\/\/hypnosse.ro\/shop\/wp-json\/wp\/v2\/media\/2048"}],"wp:attachment":[{"href":"https:\/\/hypnosse.ro\/shop\/wp-json\/wp\/v2\/media?parent=2053"}],"wp:term":[{"taxonomy":"brand","embeddable":true,"href":"https:\/\/hypnosse.ro\/shop\/wp-json\/wp\/v2\/etheme_brands?post=2053"},{"taxonomy":"product_brand","embeddable":true,"href":"https:\/\/hypnosse.ro\/shop\/wp-json\/wp\/v2\/product_brand?post=2053"},{"taxonomy":"product_cat","embeddable":true,"href":"https:\/\/hypnosse.ro\/shop\/wp-json\/wp\/v2\/product_cat?post=2053"},{"taxonomy":"product_tag","embeddable":true,"href":"https:\/\/hypnosse.ro\/shop\/wp-json\/wp\/v2\/product_tag?post=2053"}],"curies":[{"name":"wp","href":"https:\/\/api.w.org\/{rel}","templated":true}]}}