{"id":2051,"date":"2025-01-19T22:39:04","date_gmt":"2025-01-19T22:39:04","guid":{"rendered":"https:\/\/hypnosse.ro\/shop\/?post_type=product&#038;p=2051"},"modified":"2025-01-19T22:39:04","modified_gmt":"2025-01-19T22:39:04","slug":"ak47-icon","status":"publish","type":"product","link":"https:\/\/hypnosse.ro\/shop\/product\/ak47-icon\/","title":{"rendered":"AK47 ICON"},"content":{"rendered":"<p>Tablou DSquared \u00a0AK47<\/p>\n<p>Aceast\u0103 lucrare unic\u0103 combin\u0103 energia vibranta a stilului DSquared cu imaginea unei arme AK47, cre\u00e2nd o pies\u0103 provocatoare \u0219i plin\u0103 de dinamism.<\/p>\n<p>Un contrast puternic \u00eentre culoare \u0219i simbolism!<\/p>\n<p>70\/50cm<\/p>\n","protected":false},"excerpt":{"rendered":"<p>&nbsp;<\/p>\n<p>Un contrast puternic \u00eentre culoare \u0219i simbolism!<\/p>\n","protected":false},"featured_media":2039,"comment_status":"open","ping_status":"closed","template":"","meta":[],"etheme_brands":[],"product_brand":[],"product_cat":[30],"product_tag":[],"class_list":{"0":"post-2051","1":"product","2":"type-product","3":"status-publish","4":"has-post-thumbnail","6":"product_cat-tablouri-personalizate-unicat","8":"first","9":"instock","10":"shipping-taxable","11":"purchasable","12":"product-type-simple"},"_links":{"self":[{"href":"https:\/\/hypnosse.ro\/shop\/wp-json\/wp\/v2\/product\/2051","targetHints":{"allow":["GET"]}}],"collection":[{"href":"https:\/\/hypnosse.ro\/shop\/wp-json\/wp\/v2\/product"}],"about":[{"href":"https:\/\/hypnosse.ro\/shop\/wp-json\/wp\/v2\/types\/product"}],"replies":[{"embeddable":true,"href":"https:\/\/hypnosse.ro\/shop\/wp-json\/wp\/v2\/comments?post=2051"}],"version-history":[{"count":1,"href":"https:\/\/hypnosse.ro\/shop\/wp-json\/wp\/v2\/product\/2051\/revisions"}],"predecessor-version":[{"id":2052,"href":"https:\/\/hypnosse.ro\/shop\/wp-json\/wp\/v2\/product\/2051\/revisions\/2052"}],"wp:featuredmedia":[{"embeddable":true,"href":"https:\/\/hypnosse.ro\/shop\/wp-json\/wp\/v2\/media\/2039"}],"wp:attachment":[{"href":"https:\/\/hypnosse.ro\/shop\/wp-json\/wp\/v2\/media?parent=2051"}],"wp:term":[{"taxonomy":"brand","embeddable":true,"href":"https:\/\/hypnosse.ro\/shop\/wp-json\/wp\/v2\/etheme_brands?post=2051"},{"taxonomy":"product_brand","embeddable":true,"href":"https:\/\/hypnosse.ro\/shop\/wp-json\/wp\/v2\/product_brand?post=2051"},{"taxonomy":"product_cat","embeddable":true,"href":"https:\/\/hypnosse.ro\/shop\/wp-json\/wp\/v2\/product_cat?post=2051"},{"taxonomy":"product_tag","embeddable":true,"href":"https:\/\/hypnosse.ro\/shop\/wp-json\/wp\/v2\/product_tag?post=2051"}],"curies":[{"name":"wp","href":"https:\/\/api.w.org\/{rel}","templated":true}]}}