{"id":2031,"date":"2025-01-19T22:32:19","date_gmt":"2025-01-19T22:32:19","guid":{"rendered":"https:\/\/hypnosse.ro\/shop\/?post_type=product&#038;p=2031"},"modified":"2025-01-19T22:32:19","modified_gmt":"2025-01-19T22:32:19","slug":"break-the-glass","status":"publish","type":"product","link":"https:\/\/hypnosse.ro\/shop\/product\/break-the-glass\/","title":{"rendered":"Break the glass"},"content":{"rendered":"<p>&nbsp;<\/p>\n<p>Aceast\u0103 lucrare simbolizeaz\u0103 valoarea economic\u0103 modern\u0103, pun\u00e2nd accent pe criza financiar\u0103 \u0219i nevoia de a ac\u021biona rapid \u00een fa\u021ba urgen\u021bei.<\/p>\n<p>O reflec\u021bie provocatoare asupra banilor \u0219i crizelor economice!<\/p>\n","protected":false},"excerpt":{"rendered":"<p>&nbsp;<\/p>\n<p>O reflec\u021bie provocatoare asupra banilor \u0219i crizelor economice!<\/p>\n","protected":false},"featured_media":2026,"comment_status":"open","ping_status":"closed","template":"","meta":[],"etheme_brands":[],"product_brand":[],"product_cat":[30],"product_tag":[],"class_list":{"0":"post-2031","1":"product","2":"type-product","3":"status-publish","4":"has-post-thumbnail","6":"product_cat-tablouri-personalizate-unicat","8":"first","9":"instock","10":"shipping-taxable","11":"purchasable","12":"product-type-simple"},"_links":{"self":[{"href":"https:\/\/hypnosse.ro\/shop\/wp-json\/wp\/v2\/product\/2031","targetHints":{"allow":["GET"]}}],"collection":[{"href":"https:\/\/hypnosse.ro\/shop\/wp-json\/wp\/v2\/product"}],"about":[{"href":"https:\/\/hypnosse.ro\/shop\/wp-json\/wp\/v2\/types\/product"}],"replies":[{"embeddable":true,"href":"https:\/\/hypnosse.ro\/shop\/wp-json\/wp\/v2\/comments?post=2031"}],"version-history":[{"count":1,"href":"https:\/\/hypnosse.ro\/shop\/wp-json\/wp\/v2\/product\/2031\/revisions"}],"predecessor-version":[{"id":2032,"href":"https:\/\/hypnosse.ro\/shop\/wp-json\/wp\/v2\/product\/2031\/revisions\/2032"}],"wp:featuredmedia":[{"embeddable":true,"href":"https:\/\/hypnosse.ro\/shop\/wp-json\/wp\/v2\/media\/2026"}],"wp:attachment":[{"href":"https:\/\/hypnosse.ro\/shop\/wp-json\/wp\/v2\/media?parent=2031"}],"wp:term":[{"taxonomy":"brand","embeddable":true,"href":"https:\/\/hypnosse.ro\/shop\/wp-json\/wp\/v2\/etheme_brands?post=2031"},{"taxonomy":"product_brand","embeddable":true,"href":"https:\/\/hypnosse.ro\/shop\/wp-json\/wp\/v2\/product_brand?post=2031"},{"taxonomy":"product_cat","embeddable":true,"href":"https:\/\/hypnosse.ro\/shop\/wp-json\/wp\/v2\/product_cat?post=2031"},{"taxonomy":"product_tag","embeddable":true,"href":"https:\/\/hypnosse.ro\/shop\/wp-json\/wp\/v2\/product_tag?post=2031"}],"curies":[{"name":"wp","href":"https:\/\/api.w.org\/{rel}","templated":true}]}}