{"id":2007,"date":"2025-01-19T22:17:37","date_gmt":"2025-01-19T22:17:37","guid":{"rendered":"https:\/\/hypnosse.ro\/shop\/?post_type=product&#038;p=2007"},"modified":"2025-01-19T22:18:05","modified_gmt":"2025-01-19T22:18:05","slug":"plata-o-plomo","status":"publish","type":"product","link":"https:\/\/hypnosse.ro\/shop\/product\/plata-o-plomo\/","title":{"rendered":"Plata O Plomo"},"content":{"rendered":"<p>&nbsp;<\/p>\n<p>Aceast\u0103 lucrare \u00eendr\u0103znea\u021b\u0103 combin\u0103 cartu\u0219e reale \u0219i role de dolari pentru a transmite un mesaj puternic: \u201ePlata o plomo\u201d \u2013 un \u00eendemn c\u0103tre un schimb de for\u021b\u0103 \u0219i resurse. Fiecare detaliu este lucrat cu aten\u021bie, cre\u00e2nd o pies\u0103 de art\u0103 care exploreaz\u0103 leg\u0103tura \u00eentre bani, putere \u0219i alegerile imprevizibile ale vie\u021bii.<\/p>\n<p>Un tablou care \u00eembin\u0103 simbolismul \u0219i provocarea cu un mesaj clar \u0219i provocator!<\/p>\n<p>20cm\/15cm<\/p>\n","protected":false},"excerpt":{"rendered":"<p>Un tablou care \u00eembin\u0103 simbolismul \u0219i provocarea cu un mesaj clar \u0219i provocator!<\/p>\n","protected":false},"featured_media":2012,"comment_status":"open","ping_status":"closed","template":"","meta":[],"etheme_brands":[],"product_brand":[],"product_cat":[30],"product_tag":[],"class_list":{"0":"post-2007","1":"product","2":"type-product","3":"status-publish","4":"has-post-thumbnail","6":"product_cat-tablouri-personalizate-unicat","8":"first","9":"instock","10":"shipping-taxable","11":"purchasable","12":"product-type-simple"},"_links":{"self":[{"href":"https:\/\/hypnosse.ro\/shop\/wp-json\/wp\/v2\/product\/2007","targetHints":{"allow":["GET"]}}],"collection":[{"href":"https:\/\/hypnosse.ro\/shop\/wp-json\/wp\/v2\/product"}],"about":[{"href":"https:\/\/hypnosse.ro\/shop\/wp-json\/wp\/v2\/types\/product"}],"replies":[{"embeddable":true,"href":"https:\/\/hypnosse.ro\/shop\/wp-json\/wp\/v2\/comments?post=2007"}],"version-history":[{"count":1,"href":"https:\/\/hypnosse.ro\/shop\/wp-json\/wp\/v2\/product\/2007\/revisions"}],"predecessor-version":[{"id":2013,"href":"https:\/\/hypnosse.ro\/shop\/wp-json\/wp\/v2\/product\/2007\/revisions\/2013"}],"wp:featuredmedia":[{"embeddable":true,"href":"https:\/\/hypnosse.ro\/shop\/wp-json\/wp\/v2\/media\/2012"}],"wp:attachment":[{"href":"https:\/\/hypnosse.ro\/shop\/wp-json\/wp\/v2\/media?parent=2007"}],"wp:term":[{"taxonomy":"brand","embeddable":true,"href":"https:\/\/hypnosse.ro\/shop\/wp-json\/wp\/v2\/etheme_brands?post=2007"},{"taxonomy":"product_brand","embeddable":true,"href":"https:\/\/hypnosse.ro\/shop\/wp-json\/wp\/v2\/product_brand?post=2007"},{"taxonomy":"product_cat","embeddable":true,"href":"https:\/\/hypnosse.ro\/shop\/wp-json\/wp\/v2\/product_cat?post=2007"},{"taxonomy":"product_tag","embeddable":true,"href":"https:\/\/hypnosse.ro\/shop\/wp-json\/wp\/v2\/product_tag?post=2007"}],"curies":[{"name":"wp","href":"https:\/\/api.w.org\/{rel}","templated":true}]}}