{"id":2005,"date":"2025-01-19T22:13:05","date_gmt":"2025-01-19T22:13:05","guid":{"rendered":"https:\/\/hypnosse.ro\/shop\/?post_type=product&#038;p=2005"},"modified":"2025-01-19T22:13:05","modified_gmt":"2025-01-19T22:13:05","slug":"prada-black-bullet","status":"publish","type":"product","link":"https:\/\/hypnosse.ro\/shop\/product\/prada-black-bullet\/","title":{"rendered":"PRADA &#8222;Black Bullet&#8221;"},"content":{"rendered":"<p>Pielea alb\u0103, contrasteaza puternic cu metalul rece al unui pistol elegant cu gloantele \u00eempr\u00e4stiate, simboluri ale fortei si vulnerabilit\u00e4tii. Liniile si umbrele se joac\u0103 subtil, cre\u00e2nd ad\u00e2ncime si mister, invit\u00e2nd privitorul s\u0103 contemple echilibrul dintre fragilitate si agresivitate.<br \/>\n27\/27\/6cm<\/p>\n","protected":false},"excerpt":{"rendered":"<p>Pielea alb\u0103, contrasteaza puternic cu metalul rece al unui pistol elegant cu gloantele \u00eempr\u00e4stiate.<\/p>\n","protected":false},"featured_media":1995,"comment_status":"open","ping_status":"closed","template":"","meta":[],"etheme_brands":[],"product_brand":[],"product_cat":[30],"product_tag":[],"class_list":{"0":"post-2005","1":"product","2":"type-product","3":"status-publish","4":"has-post-thumbnail","6":"product_cat-tablouri-personalizate-unicat","8":"first","9":"instock","10":"shipping-taxable","11":"purchasable","12":"product-type-simple"},"_links":{"self":[{"href":"https:\/\/hypnosse.ro\/shop\/wp-json\/wp\/v2\/product\/2005","targetHints":{"allow":["GET"]}}],"collection":[{"href":"https:\/\/hypnosse.ro\/shop\/wp-json\/wp\/v2\/product"}],"about":[{"href":"https:\/\/hypnosse.ro\/shop\/wp-json\/wp\/v2\/types\/product"}],"replies":[{"embeddable":true,"href":"https:\/\/hypnosse.ro\/shop\/wp-json\/wp\/v2\/comments?post=2005"}],"version-history":[{"count":1,"href":"https:\/\/hypnosse.ro\/shop\/wp-json\/wp\/v2\/product\/2005\/revisions"}],"predecessor-version":[{"id":2006,"href":"https:\/\/hypnosse.ro\/shop\/wp-json\/wp\/v2\/product\/2005\/revisions\/2006"}],"wp:featuredmedia":[{"embeddable":true,"href":"https:\/\/hypnosse.ro\/shop\/wp-json\/wp\/v2\/media\/1995"}],"wp:attachment":[{"href":"https:\/\/hypnosse.ro\/shop\/wp-json\/wp\/v2\/media?parent=2005"}],"wp:term":[{"taxonomy":"brand","embeddable":true,"href":"https:\/\/hypnosse.ro\/shop\/wp-json\/wp\/v2\/etheme_brands?post=2005"},{"taxonomy":"product_brand","embeddable":true,"href":"https:\/\/hypnosse.ro\/shop\/wp-json\/wp\/v2\/product_brand?post=2005"},{"taxonomy":"product_cat","embeddable":true,"href":"https:\/\/hypnosse.ro\/shop\/wp-json\/wp\/v2\/product_cat?post=2005"},{"taxonomy":"product_tag","embeddable":true,"href":"https:\/\/hypnosse.ro\/shop\/wp-json\/wp\/v2\/product_tag?post=2005"}],"curies":[{"name":"wp","href":"https:\/\/api.w.org\/{rel}","templated":true}]}}