{"id":1990,"date":"2025-01-19T22:07:31","date_gmt":"2025-01-19T22:07:31","guid":{"rendered":"https:\/\/hypnosse.ro\/shop\/?post_type=product&#038;p=1990"},"modified":"2025-01-19T22:07:31","modified_gmt":"2025-01-19T22:07:31","slug":"chanel-golden-gun","status":"publish","type":"product","link":"https:\/\/hypnosse.ro\/shop\/product\/chanel-golden-gun\/","title":{"rendered":"Chanel Golden Gun"},"content":{"rendered":"<p>Tabloul volumetric Chanel fascineaz\u0103 prin contrastul s\u0103u \u00eendr\u0103znet: piele neagr\u00e0 , metalul brut si un auriu ce radiaza lux. O compozitie care sfideaza limitele artei, evoc\u00e2nd forta si fragilitate, mister si opulent\u0103, transform\u00e2nd orice spatiu \u00eentr-o declaratie de stil.<br \/>\nTablourile se fac doar o singura piesa, realizate individual, din respect pentru clientii nostri si dorinta lor de exclusivitate.<br \/>\nDimensiuni: 27\/27\/6cm<\/p>\n","protected":false},"excerpt":{"rendered":"<p>Tabloul volumetric Chanel fascineaz\u0103 prin contrastul s\u0103u \u00eendr\u0103znet: piele neagr\u00e0 , metalul brut si un auriu ce radiaza lux.<\/p>\n","protected":false},"featured_media":2001,"comment_status":"open","ping_status":"closed","template":"","meta":[],"etheme_brands":[],"product_brand":[],"product_cat":[30],"product_tag":[],"class_list":{"0":"post-1990","1":"product","2":"type-product","3":"status-publish","4":"has-post-thumbnail","6":"product_cat-tablouri-personalizate-unicat","8":"first","9":"instock","10":"shipping-taxable","11":"purchasable","12":"product-type-simple"},"_links":{"self":[{"href":"https:\/\/hypnosse.ro\/shop\/wp-json\/wp\/v2\/product\/1990","targetHints":{"allow":["GET"]}}],"collection":[{"href":"https:\/\/hypnosse.ro\/shop\/wp-json\/wp\/v2\/product"}],"about":[{"href":"https:\/\/hypnosse.ro\/shop\/wp-json\/wp\/v2\/types\/product"}],"replies":[{"embeddable":true,"href":"https:\/\/hypnosse.ro\/shop\/wp-json\/wp\/v2\/comments?post=1990"}],"version-history":[{"count":1,"href":"https:\/\/hypnosse.ro\/shop\/wp-json\/wp\/v2\/product\/1990\/revisions"}],"predecessor-version":[{"id":2003,"href":"https:\/\/hypnosse.ro\/shop\/wp-json\/wp\/v2\/product\/1990\/revisions\/2003"}],"wp:featuredmedia":[{"embeddable":true,"href":"https:\/\/hypnosse.ro\/shop\/wp-json\/wp\/v2\/media\/2001"}],"wp:attachment":[{"href":"https:\/\/hypnosse.ro\/shop\/wp-json\/wp\/v2\/media?parent=1990"}],"wp:term":[{"taxonomy":"brand","embeddable":true,"href":"https:\/\/hypnosse.ro\/shop\/wp-json\/wp\/v2\/etheme_brands?post=1990"},{"taxonomy":"product_brand","embeddable":true,"href":"https:\/\/hypnosse.ro\/shop\/wp-json\/wp\/v2\/product_brand?post=1990"},{"taxonomy":"product_cat","embeddable":true,"href":"https:\/\/hypnosse.ro\/shop\/wp-json\/wp\/v2\/product_cat?post=1990"},{"taxonomy":"product_tag","embeddable":true,"href":"https:\/\/hypnosse.ro\/shop\/wp-json\/wp\/v2\/product_tag?post=1990"}],"curies":[{"name":"wp","href":"https:\/\/api.w.org\/{rel}","templated":true}]}}