{"id":1968,"date":"2025-01-19T21:55:28","date_gmt":"2025-01-19T21:55:28","guid":{"rendered":"https:\/\/hypnosse.ro\/shop\/?post_type=product&#038;p=1968"},"modified":"2025-01-30T13:51:16","modified_gmt":"2025-01-30T13:51:16","slug":"emergency-case","status":"publish","type":"product","link":"https:\/\/hypnosse.ro\/shop\/product\/emergency-case\/","title":{"rendered":"Emergency Case"},"content":{"rendered":"<p>Aceast\u0103 lucrare provocatoare combin\u0103 simboluri de putere \u0219i supravie\u021buire, reflect\u00e2nd riscuri \u0219i dorin\u021be \u00eentr-o lume imprevizibil\u0103. Fiecare element adaug\u0103 tensiune \u0219i simbolism, cre\u00e2nd o pies\u0103 unic\u0103 \u0219i profund\u0103.<\/p>\n<p>O reflec\u021bie artistic\u0103 asupra controlului \u0219i necesit\u0103\u021bilor \u00een criz\u0103!<\/p>\n","protected":false},"excerpt":{"rendered":"<p>&nbsp;<\/p>\n<p>O reflec\u021bie artistic\u0103 asupra controlului \u0219i necesit\u0103\u021bilor \u00een criz\u0103!<\/p>\n","protected":false},"featured_media":1970,"comment_status":"open","ping_status":"closed","template":"","meta":[],"etheme_brands":[],"product_brand":[],"product_cat":[30],"product_tag":[],"class_list":{"0":"post-1968","1":"product","2":"type-product","3":"status-publish","4":"has-post-thumbnail","6":"product_cat-tablouri-personalizate-unicat","8":"first","9":"instock","10":"shipping-taxable","11":"purchasable","12":"product-type-simple"},"_links":{"self":[{"href":"https:\/\/hypnosse.ro\/shop\/wp-json\/wp\/v2\/product\/1968","targetHints":{"allow":["GET"]}}],"collection":[{"href":"https:\/\/hypnosse.ro\/shop\/wp-json\/wp\/v2\/product"}],"about":[{"href":"https:\/\/hypnosse.ro\/shop\/wp-json\/wp\/v2\/types\/product"}],"replies":[{"embeddable":true,"href":"https:\/\/hypnosse.ro\/shop\/wp-json\/wp\/v2\/comments?post=1968"}],"version-history":[{"count":1,"href":"https:\/\/hypnosse.ro\/shop\/wp-json\/wp\/v2\/product\/1968\/revisions"}],"predecessor-version":[{"id":1989,"href":"https:\/\/hypnosse.ro\/shop\/wp-json\/wp\/v2\/product\/1968\/revisions\/1989"}],"wp:featuredmedia":[{"embeddable":true,"href":"https:\/\/hypnosse.ro\/shop\/wp-json\/wp\/v2\/media\/1970"}],"wp:attachment":[{"href":"https:\/\/hypnosse.ro\/shop\/wp-json\/wp\/v2\/media?parent=1968"}],"wp:term":[{"taxonomy":"brand","embeddable":true,"href":"https:\/\/hypnosse.ro\/shop\/wp-json\/wp\/v2\/etheme_brands?post=1968"},{"taxonomy":"product_brand","embeddable":true,"href":"https:\/\/hypnosse.ro\/shop\/wp-json\/wp\/v2\/product_brand?post=1968"},{"taxonomy":"product_cat","embeddable":true,"href":"https:\/\/hypnosse.ro\/shop\/wp-json\/wp\/v2\/product_cat?post=1968"},{"taxonomy":"product_tag","embeddable":true,"href":"https:\/\/hypnosse.ro\/shop\/wp-json\/wp\/v2\/product_tag?post=1968"}],"curies":[{"name":"wp","href":"https:\/\/api.w.org\/{rel}","templated":true}]}}