{"id":1958,"date":"2025-01-19T21:45:09","date_gmt":"2025-01-19T21:45:09","guid":{"rendered":"https:\/\/hypnosse.ro\/shop\/?post_type=product&#038;p=1958"},"modified":"2025-01-19T21:45:09","modified_gmt":"2025-01-19T21:45:09","slug":"golden-dollar","status":"publish","type":"product","link":"https:\/\/hypnosse.ro\/shop\/product\/golden-dollar\/","title":{"rendered":"Golden Dollar"},"content":{"rendered":"<p>Aceast\u0103 lucrare tridimensional\u0103 surprinde luxul materialit\u0103\u021bii, combin\u00e2nd un lingou impozant cu dolari ce simbolizeaz\u0103 efemeritatea bog\u0103\u021biei. Fiecare detaliu lucrat manual adaug\u0103 profunzime \u0219i simbolism, cre\u00e2nd o pies\u0103 de art\u0103 unic\u0103.<\/p>\n<p>O reflec\u021bie artistic\u0103 asupra valorii \u0219i puterii economice!<\/p>\n","protected":false},"excerpt":{"rendered":"<p>Tablou volumetric unicat cu lingou \u0219i dolari<\/p>\n<p>&nbsp;<\/p>\n","protected":false},"featured_media":1963,"comment_status":"open","ping_status":"closed","template":"","meta":[],"etheme_brands":[],"product_brand":[],"product_cat":[30],"product_tag":[],"class_list":{"0":"post-1958","1":"product","2":"type-product","3":"status-publish","4":"has-post-thumbnail","6":"product_cat-tablouri-personalizate-unicat","8":"first","9":"instock","10":"shipping-taxable","11":"purchasable","12":"product-type-simple"},"_links":{"self":[{"href":"https:\/\/hypnosse.ro\/shop\/wp-json\/wp\/v2\/product\/1958","targetHints":{"allow":["GET"]}}],"collection":[{"href":"https:\/\/hypnosse.ro\/shop\/wp-json\/wp\/v2\/product"}],"about":[{"href":"https:\/\/hypnosse.ro\/shop\/wp-json\/wp\/v2\/types\/product"}],"replies":[{"embeddable":true,"href":"https:\/\/hypnosse.ro\/shop\/wp-json\/wp\/v2\/comments?post=1958"}],"version-history":[{"count":1,"href":"https:\/\/hypnosse.ro\/shop\/wp-json\/wp\/v2\/product\/1958\/revisions"}],"predecessor-version":[{"id":1966,"href":"https:\/\/hypnosse.ro\/shop\/wp-json\/wp\/v2\/product\/1958\/revisions\/1966"}],"wp:featuredmedia":[{"embeddable":true,"href":"https:\/\/hypnosse.ro\/shop\/wp-json\/wp\/v2\/media\/1963"}],"wp:attachment":[{"href":"https:\/\/hypnosse.ro\/shop\/wp-json\/wp\/v2\/media?parent=1958"}],"wp:term":[{"taxonomy":"brand","embeddable":true,"href":"https:\/\/hypnosse.ro\/shop\/wp-json\/wp\/v2\/etheme_brands?post=1958"},{"taxonomy":"product_brand","embeddable":true,"href":"https:\/\/hypnosse.ro\/shop\/wp-json\/wp\/v2\/product_brand?post=1958"},{"taxonomy":"product_cat","embeddable":true,"href":"https:\/\/hypnosse.ro\/shop\/wp-json\/wp\/v2\/product_cat?post=1958"},{"taxonomy":"product_tag","embeddable":true,"href":"https:\/\/hypnosse.ro\/shop\/wp-json\/wp\/v2\/product_tag?post=1958"}],"curies":[{"name":"wp","href":"https:\/\/api.w.org\/{rel}","templated":true}]}}