{"id":1937,"date":"2025-01-19T21:18:12","date_gmt":"2025-01-19T21:18:12","guid":{"rendered":"https:\/\/hypnosse.ro\/shop\/?post_type=product&#038;p=1937"},"modified":"2025-01-19T22:08:40","modified_gmt":"2025-01-19T22:08:40","slug":"fire-out-prada","status":"publish","type":"product","link":"https:\/\/hypnosse.ro\/shop\/product\/fire-out-prada\/","title":{"rendered":"&#8222;Fire out&#8221; PRADA"},"content":{"rendered":"<p>Extinctor artistic cu design inspirat de Prada<\/p>\n<p>Acest extinctor este o pies\u0103 de art\u0103 inovativ\u0103, inspirat\u0103 de elegan\u021ba \u0219i stilul distinctiv al brandului de mod\u0103 Prada. Designul s\u0103u rafinat \u0219i modern transform\u0103 un obiect func\u021bional \u00eentr-un accesoriu exclusivist pentru interior, perfect pentru a ad\u0103uga un element de lux \u0219i sofisticare oric\u0103rui spa\u021biu.<\/p>\n<p>Un mix perfect \u00eentre func\u021bionalitate, art\u0103 \u0219i stilul Prada!<\/p>\n","protected":false},"excerpt":{"rendered":"<p>Extinctor artistic cu design inspirat de Prada<\/p>\n<p>Un mix perfect \u00eentre func\u021bionalitate, art\u0103 \u0219i stilul Prada!<\/p>\n","protected":false},"featured_media":1894,"comment_status":"open","ping_status":"closed","template":"","meta":[],"etheme_brands":[],"product_brand":[],"product_cat":[35],"product_tag":[],"class_list":{"0":"post-1937","1":"product","2":"type-product","3":"status-publish","4":"has-post-thumbnail","6":"product_cat-extinctor-personalizat","8":"first","9":"instock","10":"shipping-taxable","11":"purchasable","12":"product-type-simple"},"_links":{"self":[{"href":"https:\/\/hypnosse.ro\/shop\/wp-json\/wp\/v2\/product\/1937","targetHints":{"allow":["GET"]}}],"collection":[{"href":"https:\/\/hypnosse.ro\/shop\/wp-json\/wp\/v2\/product"}],"about":[{"href":"https:\/\/hypnosse.ro\/shop\/wp-json\/wp\/v2\/types\/product"}],"replies":[{"embeddable":true,"href":"https:\/\/hypnosse.ro\/shop\/wp-json\/wp\/v2\/comments?post=1937"}],"version-history":[{"count":1,"href":"https:\/\/hypnosse.ro\/shop\/wp-json\/wp\/v2\/product\/1937\/revisions"}],"predecessor-version":[{"id":1940,"href":"https:\/\/hypnosse.ro\/shop\/wp-json\/wp\/v2\/product\/1937\/revisions\/1940"}],"wp:featuredmedia":[{"embeddable":true,"href":"https:\/\/hypnosse.ro\/shop\/wp-json\/wp\/v2\/media\/1894"}],"wp:attachment":[{"href":"https:\/\/hypnosse.ro\/shop\/wp-json\/wp\/v2\/media?parent=1937"}],"wp:term":[{"taxonomy":"brand","embeddable":true,"href":"https:\/\/hypnosse.ro\/shop\/wp-json\/wp\/v2\/etheme_brands?post=1937"},{"taxonomy":"product_brand","embeddable":true,"href":"https:\/\/hypnosse.ro\/shop\/wp-json\/wp\/v2\/product_brand?post=1937"},{"taxonomy":"product_cat","embeddable":true,"href":"https:\/\/hypnosse.ro\/shop\/wp-json\/wp\/v2\/product_cat?post=1937"},{"taxonomy":"product_tag","embeddable":true,"href":"https:\/\/hypnosse.ro\/shop\/wp-json\/wp\/v2\/product_tag?post=1937"}],"curies":[{"name":"wp","href":"https:\/\/api.w.org\/{rel}","templated":true}]}}