{"id":1902,"date":"2025-01-19T20:35:30","date_gmt":"2025-01-19T20:35:30","guid":{"rendered":"https:\/\/hypnosse.ro\/shop\/?post_type=product&#038;p=1902"},"modified":"2025-03-04T20:52:50","modified_gmt":"2025-03-04T20:52:50","slug":"donald-daisy","status":"publish","type":"product","link":"https:\/\/hypnosse.ro\/shop\/product\/donald-daisy\/","title":{"rendered":"Donald &#038; Daisy"},"content":{"rendered":"<p>Tablou unicat cu Donald Duck oferindu-i un diamant lui Daisy<\/p>\n<p>Aceast\u0103 lucrare captivant\u0103 surprinde un moment plin de iubire, \u00een care Donald Duck \u00ee\u0219i exprim\u0103 afec\u021biunea fa\u021b\u0103 de Daisy printr-un gest elegant: oferindu-i un diamant. Pictat manual cu aten\u021bie la detalii, acest tablou adaug\u0103 un strop de magie \u0219i romantism oric\u0103rui spa\u021biu.<\/p>\n<p>Un cadou artistic plin de farmec \u0219i iubire!<\/p>\n<p>Dimensiuni: 120cm\/120cm<\/p>\n","protected":false},"excerpt":{"rendered":"<p>Tablou unicat cu Donald Duck oferindu-i un diamant lui Daisy.<\/p>\n","protected":false},"featured_media":1903,"comment_status":"open","ping_status":"closed","template":"","meta":[],"etheme_brands":[],"product_brand":[],"product_cat":[33],"product_tag":[],"class_list":{"0":"post-1902","1":"product","2":"type-product","3":"status-publish","4":"has-post-thumbnail","6":"product_cat-canvas-tablouri","8":"first","9":"instock","10":"shipping-taxable","11":"purchasable","12":"product-type-simple"},"_links":{"self":[{"href":"https:\/\/hypnosse.ro\/shop\/wp-json\/wp\/v2\/product\/1902","targetHints":{"allow":["GET"]}}],"collection":[{"href":"https:\/\/hypnosse.ro\/shop\/wp-json\/wp\/v2\/product"}],"about":[{"href":"https:\/\/hypnosse.ro\/shop\/wp-json\/wp\/v2\/types\/product"}],"replies":[{"embeddable":true,"href":"https:\/\/hypnosse.ro\/shop\/wp-json\/wp\/v2\/comments?post=1902"}],"version-history":[{"count":1,"href":"https:\/\/hypnosse.ro\/shop\/wp-json\/wp\/v2\/product\/1902\/revisions"}],"predecessor-version":[{"id":1905,"href":"https:\/\/hypnosse.ro\/shop\/wp-json\/wp\/v2\/product\/1902\/revisions\/1905"}],"wp:featuredmedia":[{"embeddable":true,"href":"https:\/\/hypnosse.ro\/shop\/wp-json\/wp\/v2\/media\/1903"}],"wp:attachment":[{"href":"https:\/\/hypnosse.ro\/shop\/wp-json\/wp\/v2\/media?parent=1902"}],"wp:term":[{"taxonomy":"brand","embeddable":true,"href":"https:\/\/hypnosse.ro\/shop\/wp-json\/wp\/v2\/etheme_brands?post=1902"},{"taxonomy":"product_brand","embeddable":true,"href":"https:\/\/hypnosse.ro\/shop\/wp-json\/wp\/v2\/product_brand?post=1902"},{"taxonomy":"product_cat","embeddable":true,"href":"https:\/\/hypnosse.ro\/shop\/wp-json\/wp\/v2\/product_cat?post=1902"},{"taxonomy":"product_tag","embeddable":true,"href":"https:\/\/hypnosse.ro\/shop\/wp-json\/wp\/v2\/product_tag?post=1902"}],"curies":[{"name":"wp","href":"https:\/\/api.w.org\/{rel}","templated":true}]}}