{"id":1897,"date":"2025-01-19T20:27:19","date_gmt":"2025-01-19T20:27:19","guid":{"rendered":"https:\/\/hypnosse.ro\/shop\/?post_type=product&#038;p=1897"},"modified":"2025-02-28T15:17:22","modified_gmt":"2025-02-28T15:17:22","slug":"jessica-rabbit","status":"publish","type":"product","link":"https:\/\/hypnosse.ro\/shop\/product\/jessica-rabbit\/","title":{"rendered":"Jessica Rabbit"},"content":{"rendered":"<p>Tablou unicat cu Jessica Rabbit, pictat manual pe canvas<\/p>\n<p>Aceast\u0103 pies\u0103 exclusiv\u0103, realizat\u0103 cu m\u0103iestrie, aduce \u00een prim-plan elegan\u021ba \u0219i farmecul iconic al Jessic\u0103i Rabbit. Fiecare detaliu este pictat manual, oferind un tablou unic ce adaug\u0103 stil \u0219i personalitate oric\u0103rui spa\u021biu.<\/p>\n<p>Un mix perfect de art\u0103 \u0219i elegan\u021b\u0103!<\/p>\n<p>Dimensiuni: 120cm\/90cm<\/p>\n\n\t\t<style type=\"text\/css\">\n\t\t\t#gallery-1 {\n\t\t\t\tmargin: auto;\n\t\t\t}\n\t\t\t#gallery-1 .gallery-item {\n\t\t\t\tfloat: left;\n\t\t\t\tmargin-top: 10px;\n\t\t\t\ttext-align: center;\n\t\t\t\twidth: 33%;\n\t\t\t}\n\t\t\t#gallery-1 img {\n\t\t\t\tborder: 2px solid #cfcfcf;\n\t\t\t}\n\t\t\t#gallery-1 .gallery-caption {\n\t\t\t\tmargin-left: 0;\n\t\t\t}\n\t\t\t\/* see gallery_shortcode() in wp-includes\/media.php *\/\n\t\t<\/style>\n\t\t<div id='gallery-1' class='gallery galleryid-1897 gallery-columns-3 gallery-size-thumbnail'><dl class='gallery-item'>\n\t\t\t<dt class='gallery-icon portrait'>\n\t\t\t\t<a href='https:\/\/hypnosse.ro\/shop\/?attachment_id=1900'><img loading=\"lazy\" loading=\"lazy\" decoding=\"async\" width=\"150\" height=\"150\" src=\"https:\/\/hypnosse.ro\/shop\/wp-content\/uploads\/2025\/01\/IMG_2969-150x150.jpeg\" class=\"attachment-thumbnail size-thumbnail\" alt=\"\" srcset=\"https:\/\/hypnosse.ro\/shop\/wp-content\/uploads\/2025\/01\/IMG_2969-150x150.jpeg 150w, https:\/\/hypnosse.ro\/shop\/wp-content\/uploads\/2025\/01\/IMG_2969-300x300.jpeg 300w, https:\/\/hypnosse.ro\/shop\/wp-content\/uploads\/2025\/01\/IMG_2969-100x100.jpeg 100w, https:\/\/hypnosse.ro\/shop\/wp-content\/uploads\/2025\/01\/IMG_2969-1x1.jpeg 1w\" sizes=\"auto, (max-width: 150px) 100vw, 150px\" \/><\/a>\n\t\t\t<\/dt><\/dl><dl class='gallery-item'>\n\t\t\t<dt class='gallery-icon portrait'>\n\t\t\t\t<a href='https:\/\/hypnosse.ro\/shop\/?attachment_id=1899'><img loading=\"lazy\" loading=\"lazy\" decoding=\"async\" width=\"150\" height=\"150\" src=\"https:\/\/hypnosse.ro\/shop\/wp-content\/uploads\/2025\/01\/IMG_2970-150x150.jpeg\" class=\"attachment-thumbnail size-thumbnail\" alt=\"\" srcset=\"https:\/\/hypnosse.ro\/shop\/wp-content\/uploads\/2025\/01\/IMG_2970-150x150.jpeg 150w, https:\/\/hypnosse.ro\/shop\/wp-content\/uploads\/2025\/01\/IMG_2970-300x300.jpeg 300w, https:\/\/hypnosse.ro\/shop\/wp-content\/uploads\/2025\/01\/IMG_2970-100x100.jpeg 100w, https:\/\/hypnosse.ro\/shop\/wp-content\/uploads\/2025\/01\/IMG_2970-1x1.jpeg 1w\" sizes=\"auto, (max-width: 150px) 100vw, 150px\" \/><\/a>\n\t\t\t<\/dt><\/dl><dl class='gallery-item'>\n\t\t\t<dt class='gallery-icon portrait'>\n\t\t\t\t<a href='https:\/\/hypnosse.ro\/shop\/?attachment_id=1898'><img loading=\"lazy\" loading=\"lazy\" decoding=\"async\" width=\"150\" height=\"150\" src=\"https:\/\/hypnosse.ro\/shop\/wp-content\/uploads\/2025\/01\/IMG_2971-150x150.jpeg\" class=\"attachment-thumbnail size-thumbnail\" alt=\"\" srcset=\"https:\/\/hypnosse.ro\/shop\/wp-content\/uploads\/2025\/01\/IMG_2971-150x150.jpeg 150w, https:\/\/hypnosse.ro\/shop\/wp-content\/uploads\/2025\/01\/IMG_2971-300x300.jpeg 300w, https:\/\/hypnosse.ro\/shop\/wp-content\/uploads\/2025\/01\/IMG_2971-100x100.jpeg 100w, https:\/\/hypnosse.ro\/shop\/wp-content\/uploads\/2025\/01\/IMG_2971-1x1.jpeg 1w\" sizes=\"auto, (max-width: 150px) 100vw, 150px\" \/><\/a>\n\t\t\t<\/dt><\/dl><br style=\"clear: both\" \/>\n\t\t<\/div>\n\n","protected":false},"excerpt":{"rendered":"<p>Tablou unicat cu Jessica Rabbit, pictat manual pe canvas.<\/p>\n<p>&nbsp;<\/p>\n","protected":false},"featured_media":1898,"comment_status":"open","ping_status":"closed","template":"","meta":[],"etheme_brands":[],"product_brand":[],"product_cat":[33],"product_tag":[],"class_list":{"0":"post-1897","1":"product","2":"type-product","3":"status-publish","4":"has-post-thumbnail","6":"product_cat-canvas-tablouri","8":"first","9":"instock","10":"shipping-taxable","11":"purchasable","12":"product-type-simple"},"_links":{"self":[{"href":"https:\/\/hypnosse.ro\/shop\/wp-json\/wp\/v2\/product\/1897","targetHints":{"allow":["GET"]}}],"collection":[{"href":"https:\/\/hypnosse.ro\/shop\/wp-json\/wp\/v2\/product"}],"about":[{"href":"https:\/\/hypnosse.ro\/shop\/wp-json\/wp\/v2\/types\/product"}],"replies":[{"embeddable":true,"href":"https:\/\/hypnosse.ro\/shop\/wp-json\/wp\/v2\/comments?post=1897"}],"version-history":[{"count":1,"href":"https:\/\/hypnosse.ro\/shop\/wp-json\/wp\/v2\/product\/1897\/revisions"}],"predecessor-version":[{"id":1901,"href":"https:\/\/hypnosse.ro\/shop\/wp-json\/wp\/v2\/product\/1897\/revisions\/1901"}],"wp:featuredmedia":[{"embeddable":true,"href":"https:\/\/hypnosse.ro\/shop\/wp-json\/wp\/v2\/media\/1898"}],"wp:attachment":[{"href":"https:\/\/hypnosse.ro\/shop\/wp-json\/wp\/v2\/media?parent=1897"}],"wp:term":[{"taxonomy":"brand","embeddable":true,"href":"https:\/\/hypnosse.ro\/shop\/wp-json\/wp\/v2\/etheme_brands?post=1897"},{"taxonomy":"product_brand","embeddable":true,"href":"https:\/\/hypnosse.ro\/shop\/wp-json\/wp\/v2\/product_brand?post=1897"},{"taxonomy":"product_cat","embeddable":true,"href":"https:\/\/hypnosse.ro\/shop\/wp-json\/wp\/v2\/product_cat?post=1897"},{"taxonomy":"product_tag","embeddable":true,"href":"https:\/\/hypnosse.ro\/shop\/wp-json\/wp\/v2\/product_tag?post=1897"}],"curies":[{"name":"wp","href":"https:\/\/api.w.org\/{rel}","templated":true}]}}